{"id":3084,"date":"2026-02-25T10:34:01","date_gmt":"2026-02-25T09:34:01","guid":{"rendered":"https:\/\/nyt.hu\/?page_id=3084"},"modified":"2026-02-25T10:38:50","modified_gmt":"2026-02-25T09:38:50","slug":"ginop_plusz-2-1-3-24-2025-01489","status":"publish","type":"page","link":"https:\/\/nyt.hu\/en\/ginop_plusz-2-1-3-24-2025-01489\/","title":{"rendered":"GINOP_PLUSZ-2.1.3-24-2025-01489"},"content":{"rendered":"<div data-elementor-type=\"wp-page\" data-elementor-id=\"3084\" class=\"elementor elementor-3084\" data-elementor-post-type=\"page\">\n\t\t\t\t<div class=\"elementor-element elementor-element-23bdec9 e-con-full e-flex e-con e-parent\" data-id=\"23bdec9\" data-element_type=\"container\" data-settings=\"{&quot;jet_parallax_layout_list&quot;:[]}\">\n\t\t<div class=\"elementor-element elementor-element-7eb5f67 hero-section e-flex e-con-boxed e-con e-child\" data-id=\"7eb5f67\" data-element_type=\"container\" data-settings=\"{&quot;background_background&quot;:&quot;classic&quot;,&quot;jet_parallax_layout_list&quot;:[]}\">\n\t\t\t\t\t<div class=\"e-con-inner\">\n\t\t\t\t<div class=\"elementor-element elementor-element-287044e elementor-widget elementor-widget-heading\" data-id=\"287044e\" data-element_type=\"widget\" data-widget_type=\"heading.default\">\n\t\t\t\t\t<h1 class=\"elementor-heading-title elementor-size-default\">GINOP_PLUSZ-2.1.3-24-2025-01489<\/h1>\t\t\t\t<\/div>\n\t\t\t\t\t<\/div>\n\t\t\t\t<\/div>\n\t\t<div class=\"elementor-element elementor-element-c16a2f2 e-flex e-con-boxed e-con e-child\" data-id=\"c16a2f2\" data-element_type=\"container\" data-settings=\"{&quot;jet_parallax_layout_list&quot;:[]}\">\n\t\t\t\t\t<div class=\"e-con-inner\">\n\t\t\t\t<div class=\"elementor-element elementor-element-37dac38 elementor-widget elementor-widget-heading\" data-id=\"37dac38\" data-element_type=\"widget\" data-widget_type=\"heading.default\">\n\t\t\t\t\t<h2 class=\"elementor-heading-title elementor-size-default\">\u201eA NYOMDA-TECHNIKA KFT innov\u00e1ci\u00f3s k\u00e9pess\u00e9g\u00e9nek t\u00e1mogat\u00e1sa\ngy\u00e1rt\u00e1si \u00e9s marketing folyamat innov\u00e1ci\u00f3val\u201d<\/h2>\t\t\t\t<\/div>\n\t\t\t\t<div class=\"elementor-element elementor-element-c75c855 elementor-widget elementor-widget-spacer\" data-id=\"c75c855\" data-element_type=\"widget\" data-widget_type=\"spacer.default\">\n\t\t\t\t\t\t\t<div class=\"elementor-spacer\">\n\t\t\t<div class=\"elementor-spacer-inner\"><\/div>\n\t\t<\/div>\n\t\t\t\t\t\t<\/div>\n\t\t\t\t<div class=\"elementor-element elementor-element-5b61c65 elementor-widget elementor-widget-text-editor\" data-id=\"5b61c65\" data-element_type=\"widget\" data-widget_type=\"text-editor.default\">\n\t\t\t\t\t\t\t\t\t<p><strong>Kedvezm\u00e9nyezett neve, c\u00edme:<\/strong><\/p>\n<p>NYOMDA-TECHNIKA Ipari Szolg\u00e1ltat\u00f3 Korl\u00e1tolt Felel\u0151ss\u00e9g\u0171 T\u00e1rsas\u00e1g\u00a0\u00a0\u00a0\u00a0\u00a0\u00a0\u00a0\u00a0\u00a0\u00a0\u00a0\u00a0\u00a0\u00a0\u00a0\u00a0\u00a0\u00a0\u00a0\u00a0\u00a0\u00a0\u00a0\u00a0 \u00a0\u00a0\u00a0\u00a0\u00a0\u00a0\u00a0\u00a0\u00a0\u00a0\u00a0\u00a0\u00a0<\/p>\n<p>9027 Gy\u0151r, Pusk\u00e1s Tivadar utca 4.<\/p>\n<p><strong>Projekt c\u00edme:<\/strong><\/p>\n<p>\u201eA NYOMDA-TECHNIKA KFT innov\u00e1ci\u00f3s k\u00e9pess\u00e9g\u00e9nek t\u00e1mogat\u00e1sa gy\u00e1rt\u00e1si \u00e9s marketing folyamat innov\u00e1ci\u00f3val\u201d<\/p>\t\t\t\t\t\t\t\t<\/div>\n\t\t\t\t<div class=\"elementor-element elementor-element-ff2dd95 elementor-widget elementor-widget-spacer\" data-id=\"ff2dd95\" data-element_type=\"widget\" data-widget_type=\"spacer.default\">\n\t\t\t\t\t\t\t<div class=\"elementor-spacer\">\n\t\t\t<div class=\"elementor-spacer-inner\"><\/div>\n\t\t<\/div>\n\t\t\t\t\t\t<\/div>\n\t\t\t\t<div class=\"elementor-element elementor-element-1e5187e elementor-widget elementor-widget-text-editor\" data-id=\"1e5187e\" data-element_type=\"widget\" data-widget_type=\"text-editor.default\">\n\t\t\t\t\t\t\t\t\t<p><strong>Szerz\u0151d\u00f6tt vissza nem t\u00e9r\u00edtend\u0151 t\u00e1mogat\u00e1s \u00f6sszege:<\/strong><\/p>\n<p>20 387\u00a0630 Ft<\/p>\n<p><strong>A t\u00e1mogat\u00e1s intenzit\u00e1sa:<\/strong><\/p>\n<p>70,000000 %<\/p>\t\t\t\t\t\t\t\t<\/div>\n\t\t\t\t<div class=\"elementor-element elementor-element-2f9d649 elementor-widget elementor-widget-spacer\" data-id=\"2f9d649\" data-element_type=\"widget\" data-widget_type=\"spacer.default\">\n\t\t\t\t\t\t\t<div class=\"elementor-spacer\">\n\t\t\t<div class=\"elementor-spacer-inner\"><\/div>\n\t\t<\/div>\n\t\t\t\t\t\t<\/div>\n\t\t\t\t<div class=\"elementor-element elementor-element-eccf816 elementor-widget elementor-widget-text-editor\" data-id=\"eccf816\" data-element_type=\"widget\" data-widget_type=\"text-editor.default\">\n\t\t\t\t\t\t\t\t\t<p><strong>A projekt tartalma:\u00a0\u00a0\u00a0\u00a0\u00a0\u00a0\u00a0\u00a0\u00a0\u00a0\u00a0\u00a0\u00a0\u00a0\u00a0\u00a0\u00a0\u00a0\u00a0\u00a0\u00a0\u00a0\u00a0 \u00a0<\/strong>\u00a0\u00a0\u00a0\u00a0\u00a0\u00a0\u00a0\u00a0\u00a0\u00a0\u00a0\u00a0\u00a0\u00a0<\/p>\n<p>A NYOMDA-TECHNIKA Ipari Szolg\u00e1ltat\u00f3 Korl\u00e1tolt Felel\u0151ss\u00e9g\u0171 T\u00e1rsas\u00e1g 20 387 630 forint vissza nem t\u00e9r\u00edtend\u0151 eur\u00f3pai uni\u00f3s t\u00e1mogat\u00e1st nyert a \u201eKKV-k innov\u00e1ci\u00f3s k\u00e9pess\u00e9g\u00e9nek t\u00e1mogat\u00e1sa\u201d c\u00edm\u0171 GINOP Plusz-2.1.3-24 p\u00e1ly\u00e1zati konstrukci\u00f3 keret\u00e9ben. A 29 125 186 forint \u00f6sszk\u00f6lts\u00e9g\u0171 projekt a v\u00e1llalkoz\u00e1s 9027 Gy\u0151r, Pusk\u00e1s Tivadar utca 4. sz\u00e1m alatti sz\u00e9khely\u00e9n val\u00f3sul meg.<\/p>\n<p>\u00a0<\/p>\n<p>A GINOP_PLUSZ-2.1.3-24-2025-01489 azonos\u00edt\u00f3 sz\u00e1m\u00fa projekt c\u00e9lja a v\u00e1llalkoz\u00e1s innov\u00e1ci\u00f3s k\u00e9pess\u00e9g\u00e9nek er\u0151s\u00edt\u00e9se a gy\u00e1rt\u00e1si \u00e9s marketing folyamatok \u00e1tfog\u00f3 fejleszt\u00e9s\u00e9vel. A t\u00f6bb mint h\u00e1rom \u00e9vtizedes szakmai m\u00falttal rendelkez\u0151 NYOMDA-TECHNIKA Kft. m\u00e9rn\u00f6ki \u00e9s m\u0171szaki megold\u00e1sokat k\u00edn\u00e1l a nyomda, pap\u00edr- \u00e9s egy\u00e9b ipari v\u00e1llalatok sz\u00e1m\u00e1ra, \u00edgy a fejleszt\u00e9s k\u00f6zvetlen\u00fcl hozz\u00e1j\u00e1rul a hazai ipari szerepl\u0151k hat\u00e9konyabb m\u0171k\u00f6d\u00e9s\u00e9hez is.<\/p>\n<p>\u00a0<\/p>\n<p>A projekt egyik f\u0151 pill\u00e9re a termel\u00e9si \u00e9s karbantart\u00e1si folyamatok innov\u00e1ci\u00f3ja. A fejleszt\u00e9s keret\u00e9ben elektromos oll\u00f3s emel\u0151, l\u00e9zeres tiszt\u00edt\u00f3 berendez\u00e9s, sug\u00e1rf\u00far\u00f3g\u00e9p \u00e9s rezg\u00e9sdiagnosztikai m\u00e9r\u0151eszk\u00f6z ker\u00fcl beszerz\u00e9sre, amelyek gyorsabb, biztons\u00e1gosabb \u00e9s k\u00f6rnyezetk\u00edm\u00e9l\u0151bb munkav\u00e9gz\u00e9st tesznek lehet\u0151v\u00e9. A l\u00e9zeres technol\u00f3gia alkalmaz\u00e1s\u00e1val cs\u00f6kken a vegyszerfelhaszn\u00e1l\u00e1s, a rezg\u00e9sdiagnosztikai eszk\u00f6z pedig el\u0151seg\u00edti a megel\u0151z\u0151 karbantart\u00e1st \u00e9s a g\u00e9p\u00e1ll\u00e1sid\u0151 m\u00e9rs\u00e9kl\u00e9s\u00e9t.<\/p>\n<p>\u00a0<\/p>\n<p>A projekt m\u00e1sik kiemelt eleme a v\u00e1llalat marketingfolyamatainak innovat\u00edv fejleszt\u00e9se. A weboldal meg\u00faj\u00edt\u00e1sa, az online aj\u00e1nlatk\u00e9r\u0151 rendszer kialak\u00edt\u00e1sa, a keres\u0151optimaliz\u00e1lt tartalomfejleszt\u00e9s, valamint a c\u00e9lzott digit\u00e1lis kamp\u00e1nyok \u00e9s h\u00edrlev\u00e9l-kommunik\u00e1ci\u00f3 bevezet\u00e9se r\u00e9v\u00e9n a v\u00e1llalkoz\u00e1s er\u0151s\u00edti piaci jelenl\u00e9t\u00e9t \u00e9s n\u00f6veli \u00fcgyf\u00e9l-el\u00e9r\u00e9s\u00e9t. Az adatvez\u00e9relt marketingmegold\u00e1sok hozz\u00e1j\u00e1rulnak a hat\u00e9konyabb \u00fcgyf\u00e9lszerz\u00e9shez \u00e9s a hossz\u00fa t\u00e1v\u00fa n\u00f6veked\u00e9shez.<\/p>\n<p>\u00a0<\/p>\n<p>A ScrollMax v\u00e1llalatir\u00e1ny\u00edt\u00e1si rendszer teljes k\u00f6r\u0171 integr\u00e1ci\u00f3ja \u00e9s a helysz\u00edni digit\u00e1lis eszk\u00f6zhaszn\u00e1lat bevezet\u00e9se r\u00e9v\u00e9n a v\u00e1llalkoz\u00e1s adminisztr\u00e1ci\u00f3s terhei jelent\u0151sen cs\u00f6kkennek, a folyamatok \u00e1tl\u00e1that\u00f3bb\u00e1 \u00e9s gyorsabb\u00e1 v\u00e1lnak. A fejleszt\u00e9sek eredm\u00e9nyek\u00e9nt javul a szolg\u00e1ltat\u00e1si sz\u00ednvonal, n\u0151 a vev\u0151i el\u00e9gedetts\u00e9g, valamint er\u0151s\u00f6dik a v\u00e1llalat piaci poz\u00edci\u00f3ja.<\/p>\n<p>\u00a0<\/p>\n<p>A 18 h\u00f3napra tervezett projekt megval\u00f3s\u00edt\u00e1sa sor\u00e1n 2 f\u0151 innov\u00e1tor munkak\u00f6r ker\u00fcl kialak\u00edt\u00e1sra a szervezetn\u00e9l. A munkav\u00e1llal\u00f3k az innovat\u00edv folyamatok megalkot\u00e1s\u00e1ban vesznek r\u00e9szt a projekt teljes id\u0151szak\u00e1ban \u00edgy biztos\u00edtva a kit\u0171z\u00f6tt projektc\u00e9l hat\u00e9kony el\u00e9r\u00e9s\u00e9t.<\/p>\n<p>A projekt megval\u00f3s\u00edt\u00e1sa sor\u00e1n az Eur\u00f3pai Uni\u00f3 Alapjogi Chart\u00e1j\u00e1ban foglalt relev\u00e1ns alapjogok marad\u00e9ktalanul \u00e9rv\u00e9nyes\u00fclnek.<\/p>\t\t\t\t\t\t\t\t<\/div>\n\t\t\t\t<div class=\"elementor-element elementor-element-87c8a55 elementor-widget elementor-widget-spacer\" data-id=\"87c8a55\" data-element_type=\"widget\" data-widget_type=\"spacer.default\">\n\t\t\t\t\t\t\t<div class=\"elementor-spacer\">\n\t\t\t<div class=\"elementor-spacer-inner\"><\/div>\n\t\t<\/div>\n\t\t\t\t\t\t<\/div>\n\t\t\t\t<div class=\"elementor-element elementor-element-07c24f0 elementor-widget elementor-widget-text-editor\" data-id=\"07c24f0\" data-element_type=\"widget\" data-widget_type=\"text-editor.default\">\n\t\t\t\t\t\t\t\t\t<p><strong>A Projekt fizikai befejez\u00e9s\u00e9nek tervezett napja:<\/strong><\/p>\n<p>2027.05.31.<\/p>\n<p><strong>A projekt azonos\u00edt\u00f3 sz\u00e1ma:<\/strong><\/p>\n<p>GINOP_PLUSZ-2.1.3-24-2025-01489<\/p>\t\t\t\t\t\t\t\t<\/div>\n\t\t\t\t\t<\/div>\n\t\t\t\t<\/div>\n\t\t\t\t<\/div>\n\t\t\t\t<\/div>","protected":false},"excerpt":{"rendered":"<p>GINOP_PLUSZ-2.1.3-24-2025-01489 \u201eA NYOMDA-TECHNIKA KFT innov\u00e1ci\u00f3s k\u00e9pess\u00e9g\u00e9nek t\u00e1mogat\u00e1sa gy\u00e1rt\u00e1si \u00e9s marketing folyamat innov\u00e1ci\u00f3val\u201d Kedvezm\u00e9nyezett neve, c\u00edme: NYOMDA-TECHNIKA Ipari Szolg\u00e1ltat\u00f3 Korl\u00e1tolt Felel\u0151ss\u00e9g\u0171 T\u00e1rsas\u00e1g\u00a0\u00a0\u00a0\u00a0\u00a0\u00a0\u00a0\u00a0\u00a0\u00a0\u00a0\u00a0\u00a0\u00a0\u00a0\u00a0\u00a0\u00a0\u00a0\u00a0\u00a0\u00a0\u00a0\u00a0 \u00a0\u00a0\u00a0\u00a0\u00a0\u00a0\u00a0\u00a0\u00a0\u00a0\u00a0\u00a0\u00a0 9027 Gy\u0151r, Pusk\u00e1s Tivadar utca 4. Projekt c\u00edme: \u201eA NYOMDA-TECHNIKA KFT innov\u00e1ci\u00f3s k\u00e9pess\u00e9g\u00e9nek t\u00e1mogat\u00e1sa gy\u00e1rt\u00e1si \u00e9s marketing folyamat innov\u00e1ci\u00f3val\u201d Szerz\u0151d\u00f6tt vissza nem t\u00e9r\u00edtend\u0151 t\u00e1mogat\u00e1s \u00f6sszege: 20 387\u00a0630 Ft A t\u00e1mogat\u00e1s intenzit\u00e1sa: 70,000000 % [&hellip;]<\/p>","protected":false},"author":1,"featured_media":987,"parent":0,"menu_order":0,"comment_status":"closed","ping_status":"closed","template":"","meta":{"footnotes":""},"class_list":["post-3084","page","type-page","status-publish","has-post-thumbnail","hentry"],"_links":{"self":[{"href":"https:\/\/nyt.hu\/en\/wp-json\/wp\/v2\/pages\/3084","targetHints":{"allow":["GET"]}}],"collection":[{"href":"https:\/\/nyt.hu\/en\/wp-json\/wp\/v2\/pages"}],"about":[{"href":"https:\/\/nyt.hu\/en\/wp-json\/wp\/v2\/types\/page"}],"author":[{"embeddable":true,"href":"https:\/\/nyt.hu\/en\/wp-json\/wp\/v2\/users\/1"}],"replies":[{"embeddable":true,"href":"https:\/\/nyt.hu\/en\/wp-json\/wp\/v2\/comments?post=3084"}],"version-history":[{"count":13,"href":"https:\/\/nyt.hu\/en\/wp-json\/wp\/v2\/pages\/3084\/revisions"}],"predecessor-version":[{"id":3097,"href":"https:\/\/nyt.hu\/en\/wp-json\/wp\/v2\/pages\/3084\/revisions\/3097"}],"wp:featuredmedia":[{"embeddable":true,"href":"https:\/\/nyt.hu\/en\/wp-json\/wp\/v2\/media\/987"}],"wp:attachment":[{"href":"https:\/\/nyt.hu\/en\/wp-json\/wp\/v2\/media?parent=3084"}],"curies":[{"name":"wp","href":"https:\/\/api.w.org\/{rel}","templated":true}]}}