{"id":25,"date":"2025-07-15T11:57:06","date_gmt":"2025-07-15T09:57:06","guid":{"rendered":"https:\/\/nyt.hu\/?page_id=25"},"modified":"2025-09-13T12:16:08","modified_gmt":"2025-09-13T10:16:08","slug":"csapatunk","status":"publish","type":"page","link":"https:\/\/nyt.hu\/en\/csapatunk\/","title":{"rendered":"Our Team"},"content":{"rendered":"<div data-elementor-type=\"wp-page\" data-elementor-id=\"25\" class=\"elementor elementor-25\" data-elementor-post-type=\"page\">\n\t\t\t\t<div class=\"elementor-element elementor-element-711eab2 e-con-full e-flex e-con e-parent\" data-id=\"711eab2\" data-element_type=\"container\" data-settings=\"{&quot;jet_parallax_layout_list&quot;:[]}\">\n\t\t<div class=\"elementor-element elementor-element-7569b97 hero-section e-flex e-con-boxed e-con e-child\" data-id=\"7569b97\" data-element_type=\"container\" data-settings=\"{&quot;background_background&quot;:&quot;classic&quot;,&quot;jet_parallax_layout_list&quot;:[]}\">\n\t\t\t\t\t<div class=\"e-con-inner\">\n\t\t\t\t\t<\/div>\n\t\t\t\t<\/div>\n\t\t<div class=\"elementor-element elementor-element-a541ea4 e-flex e-con-boxed e-con e-child\" data-id=\"a541ea4\" data-element_type=\"container\" data-settings=\"{&quot;jet_parallax_layout_list&quot;:[]}\">\n\t\t\t\t\t<div class=\"e-con-inner\">\n\t\t\t\t<div class=\"elementor-element elementor-element-7ddc926 elementor-widget elementor-widget-heading\" data-id=\"7ddc926\" data-element_type=\"widget\" data-widget_type=\"heading.default\">\n\t\t\t\t\t<h2 class=\"elementor-heading-title elementor-size-default\">Nyomda-Technika Kft. has been offering engineering and technical services for 35 years, providing the technological foundation for today\u2019s advanced printing, paper, packaging, and other industrial production sectors.<\/h2>\t\t\t\t<\/div>\n\t\t\t\t\t<\/div>\n\t\t\t\t<\/div>\n\t\t<div class=\"elementor-element elementor-element-86a2f66 e-flex e-con-boxed e-con e-child\" data-id=\"86a2f66\" data-element_type=\"container\" data-settings=\"{&quot;jet_parallax_layout_list&quot;:[]}\">\n\t\t\t\t\t<div class=\"e-con-inner\">\n\t\t<div class=\"elementor-element elementor-element-bf5b661 e-con-full e-flex e-con e-child\" data-id=\"bf5b661\" data-element_type=\"container\" data-settings=\"{&quot;jet_parallax_layout_list&quot;:[]}\">\n\t\t<div class=\"elementor-element elementor-element-7304c47 e-con-full e-flex e-con e-child\" data-id=\"7304c47\" data-element_type=\"container\" data-settings=\"{&quot;jet_parallax_layout_list&quot;:[]}\">\n\t\t\t\t<div class=\"elementor-element elementor-element-d632d90 elementor-widget elementor-widget-image\" data-id=\"d632d90\" data-element_type=\"widget\" data-widget_type=\"image.default\">\n\t\t\t\t\t\t\t\t\t\t\t\t\t\t\t<img fetchpriority=\"high\" decoding=\"async\" width=\"300\" height=\"273\" src=\"https:\/\/nyt.hu\/wp-content\/uploads\/2025\/07\/NYT_ikonok_kereskedelem-300x273.jpg\" class=\"attachment-medium size-medium wp-image-606\" alt=\"\" srcset=\"https:\/\/nyt.hu\/wp-content\/uploads\/2025\/07\/NYT_ikonok_kereskedelem-300x273.jpg 300w, https:\/\/nyt.hu\/wp-content\/uploads\/2025\/07\/NYT_ikonok_kereskedelem.jpg 557w\" sizes=\"(max-width: 300px) 100vw, 300px\" \/>\t\t\t\t\t\t\t\t\t\t\t\t\t\t\t<\/div>\n\t\t\t\t<div class=\"elementor-element elementor-element-73cb975 elementor-widget elementor-widget-heading\" data-id=\"73cb975\" data-element_type=\"widget\" data-widget_type=\"heading.default\">\n\t\t\t\t\t<p class=\"elementor-heading-title elementor-size-default\">Sales and Commerce<\/p>\t\t\t\t<\/div>\n\t\t\t\t<\/div>\n\t\t\t\t<div class=\"elementor-element elementor-element-5a358b7 elementor-widget elementor-widget-text-editor\" data-id=\"5a358b7\" data-element_type=\"widget\" data-widget_type=\"text-editor.default\">\n\t\t\t\t\t\t\t\t\t<p class=\"translation-block\"><strong>Our team<\/strong>, in addition to selling our services, also represents several globally recognized manufacturers in Hungary, beyond our own developed, manufactured, and installed equipment. This way, we offer our partners comprehensive solutions for every need.<\/p>\t\t\t\t\t\t\t\t<\/div>\n\t\t\t\t<\/div>\n\t\t<div class=\"elementor-element elementor-element-86834f0 e-con-full e-flex e-con e-child\" data-id=\"86834f0\" data-element_type=\"container\" data-settings=\"{&quot;jet_parallax_layout_list&quot;:[]}\">\n\t\t<div class=\"elementor-element elementor-element-0f72892 e-con-full e-flex e-con e-child\" data-id=\"0f72892\" data-element_type=\"container\" data-settings=\"{&quot;jet_parallax_layout_list&quot;:[]}\">\n\t\t\t\t<div class=\"elementor-element elementor-element-8692ec1 elementor-widget elementor-widget-image\" data-id=\"8692ec1\" data-element_type=\"widget\" data-widget_type=\"image.default\">\n\t\t\t\t\t\t\t\t\t\t\t\t\t\t\t<img decoding=\"async\" width=\"300\" height=\"269\" src=\"https:\/\/nyt.hu\/wp-content\/uploads\/2025\/08\/NYT_ikonok_premium_karbantartas-300x269.jpg\" class=\"attachment-medium size-medium wp-image-847\" alt=\"\" srcset=\"https:\/\/nyt.hu\/wp-content\/uploads\/2025\/08\/NYT_ikonok_premium_karbantartas-300x269.jpg 300w, https:\/\/nyt.hu\/wp-content\/uploads\/2025\/08\/NYT_ikonok_premium_karbantartas.jpg 546w\" sizes=\"(max-width: 300px) 100vw, 300px\" \/>\t\t\t\t\t\t\t\t\t\t\t\t\t\t\t<\/div>\n\t\t\t\t<div class=\"elementor-element elementor-element-4ed4b18 elementor-widget elementor-widget-heading\" data-id=\"4ed4b18\" data-element_type=\"widget\" data-widget_type=\"heading.default\">\n\t\t\t\t\t<p class=\"elementor-heading-title elementor-size-default\">Experienced Experts and Technicians<\/p>\t\t\t\t<\/div>\n\t\t\t\t<\/div>\n\t\t\t\t<div class=\"elementor-element elementor-element-b621ff5 elementor-widget elementor-widget-text-editor\" data-id=\"b621ff5\" data-element_type=\"widget\" data-widget_type=\"text-editor.default\">\n\t\t\t\t\t\t\t\t\t<p class=\"translation-block\"><strong>Our technicians<\/strong> are electrical and mechanical professionals who install, clean, maintain, and repair to ensure our partners' equipment operates reliably. Our experienced <strong>technical project managers<\/strong> also lead implementations, solve complex tasks, and provide professional support as mentors to our technicians. Together, they ensure that every project is executed efficiently and remains operational in the long term.<\/p>\t\t\t\t\t\t\t\t<\/div>\n\t\t\t\t<\/div>\n\t\t<div class=\"elementor-element elementor-element-5dc3abb e-con-full e-flex e-con e-child\" data-id=\"5dc3abb\" data-element_type=\"container\" data-settings=\"{&quot;jet_parallax_layout_list&quot;:[]}\">\n\t\t<div class=\"elementor-element elementor-element-e295493 e-con-full e-flex e-con e-child\" data-id=\"e295493\" data-element_type=\"container\" data-settings=\"{&quot;jet_parallax_layout_list&quot;:[]}\">\n\t\t\t\t<div class=\"elementor-element elementor-element-2b7df32 elementor-widget elementor-widget-image\" data-id=\"2b7df32\" data-element_type=\"widget\" data-widget_type=\"image.default\">\n\t\t\t\t\t\t\t\t\t\t\t\t\t\t\t<img decoding=\"async\" width=\"300\" height=\"300\" src=\"https:\/\/nyt.hu\/wp-content\/uploads\/2025\/08\/Kep2-300x300.png\" class=\"attachment-medium size-medium wp-image-717\" alt=\"\" srcset=\"https:\/\/nyt.hu\/wp-content\/uploads\/2025\/08\/Kep2-300x300.png 300w, https:\/\/nyt.hu\/wp-content\/uploads\/2025\/08\/Kep2-150x150.png 150w, https:\/\/nyt.hu\/wp-content\/uploads\/2025\/08\/Kep2.png 462w\" sizes=\"(max-width: 300px) 100vw, 300px\" \/>\t\t\t\t\t\t\t\t\t\t\t\t\t\t\t<\/div>\n\t\t\t\t<div class=\"elementor-element elementor-element-79a19b6 elementor-widget elementor-widget-heading\" data-id=\"79a19b6\" data-element_type=\"widget\" data-widget_type=\"heading.default\">\n\t\t\t\t\t<p class=\"elementor-heading-title elementor-size-default\">Horv\u00e1th Szabolcs<\/p>\t\t\t\t<\/div>\n\t\t\t\t<div class=\"elementor-element elementor-element-b38e37c elementor-widget elementor-widget-heading\" data-id=\"b38e37c\" data-element_type=\"widget\" data-widget_type=\"heading.default\">\n\t\t\t\t\t<p class=\"elementor-heading-title elementor-size-default\"><b>Chief Executive Officer<br><\/b>\u00dcgyvezet\u0151 igazgat\u00f3<\/p>\t\t\t\t<\/div>\n\t\t\t\t<\/div>\n\t\t\t\t<div class=\"elementor-element elementor-element-e1725a5 elementor-widget elementor-widget-text-editor\" data-id=\"e1725a5\" data-element_type=\"widget\" data-widget_type=\"text-editor.default\">\n\t\t\t\t\t\t\t\t\t<p>Throughout my career, I have gained leadership experience in several areas of the printing and packaging industry (production, maintenance, investments, organizational development and improvement). I have worked as an internal consultant for LEAN and TPM implementations in multiple positions within multinational environments. I am a founding board member of the Hungarian Industrial Maintenance Organization, and a member of the European Asset Management Committee (EAMC) within the European Federation of National Maintenance Societies (EFNMS).<\/p>\t\t\t\t\t\t\t\t<\/div>\n\t\t\t\t<\/div>\n\t\t<div class=\"elementor-element elementor-element-079cedd e-con-full e-flex e-con e-child\" data-id=\"079cedd\" data-element_type=\"container\" data-settings=\"{&quot;jet_parallax_layout_list&quot;:[]}\">\n\t\t<div class=\"elementor-element elementor-element-c848fde e-con-full e-flex e-con e-child\" data-id=\"c848fde\" data-element_type=\"container\" data-settings=\"{&quot;jet_parallax_layout_list&quot;:[]}\">\n\t\t\t\t<div class=\"elementor-element elementor-element-ea3cb84 elementor-widget elementor-widget-image\" data-id=\"ea3cb84\" data-element_type=\"widget\" data-widget_type=\"image.default\">\n\t\t\t\t\t\t\t\t\t\t\t\t\t\t\t<img loading=\"lazy\" decoding=\"async\" width=\"300\" height=\"300\" src=\"https:\/\/nyt.hu\/wp-content\/uploads\/2025\/08\/Kep3-300x300.png\" class=\"attachment-medium size-medium wp-image-716\" alt=\"\" srcset=\"https:\/\/nyt.hu\/wp-content\/uploads\/2025\/08\/Kep3-300x300.png 300w, https:\/\/nyt.hu\/wp-content\/uploads\/2025\/08\/Kep3-150x150.png 150w, https:\/\/nyt.hu\/wp-content\/uploads\/2025\/08\/Kep3.png 462w\" sizes=\"(max-width: 300px) 100vw, 300px\" \/>\t\t\t\t\t\t\t\t\t\t\t\t\t\t\t<\/div>\n\t\t\t\t<div class=\"elementor-element elementor-element-1b7cd87 elementor-widget elementor-widget-heading\" data-id=\"1b7cd87\" data-element_type=\"widget\" data-widget_type=\"heading.default\">\n\t\t\t\t\t<p class=\"elementor-heading-title elementor-size-default\">Szegi Ren\u00e1ta<\/p>\t\t\t\t<\/div>\n\t\t\t\t<div class=\"elementor-element elementor-element-6549272 elementor-widget elementor-widget-heading\" data-id=\"6549272\" data-element_type=\"widget\" data-widget_type=\"heading.default\">\n\t\t\t\t\t<p class=\"elementor-heading-title elementor-size-default\"><b>Chief Business Officer<br><\/b>\u00dczleti igazgat\u00f3<\/p>\t\t\t\t<\/div>\n\t\t\t\t<\/div>\n\t\t\t\t<div class=\"elementor-element elementor-element-a08381b elementor-widget elementor-widget-text-editor\" data-id=\"a08381b\" data-element_type=\"widget\" data-widget_type=\"text-editor.default\">\n\t\t\t\t\t\t\t\t\t<p class=\"translation-block\">I have 21 years of experience in the printing and packaging industry. I have gained leadership experience in various organizational units: NPI \u2013 production preparation, production, production planning, and Supply Chain. In my efficiency improvement projects, I have always placed people at the center, because I believe that by involving them and working together as a team with their valuable ideas, every company can be much more successful.<\/p>\t\t\t\t\t\t\t\t<\/div>\n\t\t\t\t<\/div>\n\t\t<div class=\"elementor-element elementor-element-2234cab e-con-full e-flex e-con e-child\" data-id=\"2234cab\" data-element_type=\"container\" data-settings=\"{&quot;jet_parallax_layout_list&quot;:[]}\">\n\t\t<div class=\"elementor-element elementor-element-28d46ba e-con-full e-flex e-con e-child\" data-id=\"28d46ba\" data-element_type=\"container\" data-settings=\"{&quot;jet_parallax_layout_list&quot;:[]}\">\n\t\t\t\t<div class=\"elementor-element elementor-element-666f18d elementor-widget elementor-widget-image\" data-id=\"666f18d\" data-element_type=\"widget\" data-widget_type=\"image.default\">\n\t\t\t\t\t\t\t\t\t\t\t\t\t\t\t<img loading=\"lazy\" decoding=\"async\" width=\"300\" height=\"300\" src=\"https:\/\/nyt.hu\/wp-content\/uploads\/2025\/08\/Kep4-300x300.png\" class=\"attachment-medium size-medium wp-image-718\" alt=\"\" srcset=\"https:\/\/nyt.hu\/wp-content\/uploads\/2025\/08\/Kep4-300x300.png 300w, https:\/\/nyt.hu\/wp-content\/uploads\/2025\/08\/Kep4-150x150.png 150w, https:\/\/nyt.hu\/wp-content\/uploads\/2025\/08\/Kep4.png 462w\" sizes=\"(max-width: 300px) 100vw, 300px\" \/>\t\t\t\t\t\t\t\t\t\t\t\t\t\t\t<\/div>\n\t\t\t\t<div class=\"elementor-element elementor-element-87a3459 elementor-widget elementor-widget-heading\" data-id=\"87a3459\" data-element_type=\"widget\" data-widget_type=\"heading.default\">\n\t\t\t\t\t<p class=\"elementor-heading-title elementor-size-default\">Bombicz Gy\u00f6rgy<\/p>\t\t\t\t<\/div>\n\t\t\t\t<div class=\"elementor-element elementor-element-6c400b1 elementor-widget elementor-widget-heading\" data-id=\"6c400b1\" data-element_type=\"widget\" data-widget_type=\"heading.default\">\n\t\t\t\t\t<p class=\"elementor-heading-title elementor-size-default\"><b>Chief Operation Officer<br><\/b>Operat\u00edv igazgat\u00f3<\/p>\t\t\t\t<\/div>\n\t\t\t\t<\/div>\n\t\t\t\t<div class=\"elementor-element elementor-element-05dad5d elementor-widget elementor-widget-text-editor\" data-id=\"05dad5d\" data-element_type=\"widget\" data-widget_type=\"text-editor.default\">\n\t\t\t\t\t\t\t\t\t<p>Since 1994, I have been working as an offset press operator, and since 2001, with a degree in printing engineering, I have been active in the field of sheet-fed offset printing. I have nearly 20 years of experience in maintaining and developing the operational reliability of large-format KBA printing machines, establishing maintenance schedules, and creating risk-based spare parts inventory systems. I deal with the implementation of measurement technology (xrite exact, colorcert, IC Plate), calibration, creation of unique digital color references to support printing, calibration of CTP production, introduction of special printing techniques (e.g. effect varnishing, printing with white base), efficiency improvement, and training of press operators.<\/p>\t\t\t\t\t\t\t\t<\/div>\n\t\t\t\t<\/div>\n\t\t<div class=\"elementor-element elementor-element-65de828 e-con-full e-flex e-con e-child\" data-id=\"65de828\" data-element_type=\"container\" data-settings=\"{&quot;jet_parallax_layout_list&quot;:[]}\">\n\t\t<div class=\"elementor-element elementor-element-415c98d e-con-full e-flex e-con e-child\" data-id=\"415c98d\" data-element_type=\"container\" data-settings=\"{&quot;jet_parallax_layout_list&quot;:[]}\">\n\t\t\t\t<div class=\"elementor-element elementor-element-fb50b7b elementor-widget elementor-widget-image\" data-id=\"fb50b7b\" data-element_type=\"widget\" data-widget_type=\"image.default\">\n\t\t\t\t\t\t\t\t\t\t\t\t\t\t\t<img loading=\"lazy\" decoding=\"async\" width=\"300\" height=\"300\" src=\"https:\/\/nyt.hu\/wp-content\/uploads\/2025\/08\/Kep1-300x300.png\" class=\"attachment-medium size-medium wp-image-715\" alt=\"\" srcset=\"https:\/\/nyt.hu\/wp-content\/uploads\/2025\/08\/Kep1-300x300.png 300w, https:\/\/nyt.hu\/wp-content\/uploads\/2025\/08\/Kep1-150x150.png 150w, https:\/\/nyt.hu\/wp-content\/uploads\/2025\/08\/Kep1.png 462w\" sizes=\"(max-width: 300px) 100vw, 300px\" \/>\t\t\t\t\t\t\t\t\t\t\t\t\t\t\t<\/div>\n\t\t\t\t<div class=\"elementor-element elementor-element-f2d1129 elementor-widget elementor-widget-heading\" data-id=\"f2d1129\" data-element_type=\"widget\" data-widget_type=\"heading.default\">\n\t\t\t\t\t<p class=\"elementor-heading-title elementor-size-default\">Dr. Habil Horv\u00e1th Csaba<\/p>\t\t\t\t<\/div>\n\t\t\t\t<div class=\"elementor-element elementor-element-385f686 elementor-widget elementor-widget-heading\" data-id=\"385f686\" data-element_type=\"widget\" data-widget_type=\"heading.default\">\n\t\t\t\t\t<p class=\"elementor-heading-title elementor-size-default\"><b>Founder<\/b><br>Alap\u00edt\u00f3<\/p>\t\t\t\t<\/div>\n\t\t\t\t<\/div>\n\t\t\t\t<div class=\"elementor-element elementor-element-4ea1750 elementor-widget elementor-widget-text-editor\" data-id=\"4ea1750\" data-element_type=\"widget\" data-widget_type=\"text-editor.default\">\n\t\t\t\t\t\t\t\t\t<p>I am an engineer, university lecturer and researcher, specializing in graphic communication and management. I have several decades of experience in light industry and media technology education, as well as in printing industry research. As an honorary university lecturer at the Rejt\u0151 S\u00e1ndor Faculty of Light Industry and Environmental Engineering of \u00d3buda University, I actively participate in the professional community, in national and international conferences and research projects. My mission is to support the development of the printing industry by connecting scientific results with industrial experience, with special focus on education, innovation and efficiency improvement.<\/p>\t\t\t\t\t\t\t\t<\/div>\n\t\t\t\t<\/div>\n\t\t\t\t\t<\/div>\n\t\t\t\t<\/div>\n\t\t\t\t<\/div>\n\t\t\t\t<\/div>","protected":false},"excerpt":{"rendered":"<p>A Nyomda-Technika Kft. harminc\u00f6t \u00e9ve k\u00edn\u00e1l olyan m\u0171szaki \u00e9s m\u00e9rn\u00f6ki jelleg\u0171 szolg\u00e1ltat\u00f3 tev\u00e9kenys\u00e9geket, melyek a mai korszer\u0171 nyomda-, pap\u00edr-, csomagol\u00f3- \u00e9s m\u00e1s ipari termel\u00e9s m\u0171szaki, technol\u00f3giai h\u00e1tter\u00e9t biztos\u00edtj\u00e1k. \u00c9rt\u00e9kes\u00edt\u00e9s \u00e9s kereskedelem Csapatunk a szolg\u00e1ltat\u00e1saink \u00e9rt\u00e9kes\u00edt\u00e9se mellett a saj\u00e1t fejleszt\u00e9s\u0171, gy\u00e1rt\u00e1s\u00fa \u00e9s \u00e1ltalunk telep\u00edtett berendez\u00e9seken t\u00fal t\u00f6bb vil\u00e1gszinten elismert gy\u00e1rt\u00f3 hazai k\u00e9pviselet\u00e9t is ell\u00e1tja. \u00cdgy Partnereink [&hellip;]<\/p>","protected":false},"author":1,"featured_media":2101,"parent":0,"menu_order":0,"comment_status":"closed","ping_status":"closed","template":"","meta":{"footnotes":""},"class_list":["post-25","page","type-page","status-publish","has-post-thumbnail","hentry"],"_links":{"self":[{"href":"https:\/\/nyt.hu\/en\/wp-json\/wp\/v2\/pages\/25","targetHints":{"allow":["GET"]}}],"collection":[{"href":"https:\/\/nyt.hu\/en\/wp-json\/wp\/v2\/pages"}],"about":[{"href":"https:\/\/nyt.hu\/en\/wp-json\/wp\/v2\/types\/page"}],"author":[{"embeddable":true,"href":"https:\/\/nyt.hu\/en\/wp-json\/wp\/v2\/users\/1"}],"replies":[{"embeddable":true,"href":"https:\/\/nyt.hu\/en\/wp-json\/wp\/v2\/comments?post=25"}],"version-history":[{"count":116,"href":"https:\/\/nyt.hu\/en\/wp-json\/wp\/v2\/pages\/25\/revisions"}],"predecessor-version":[{"id":2540,"href":"https:\/\/nyt.hu\/en\/wp-json\/wp\/v2\/pages\/25\/revisions\/2540"}],"wp:featuredmedia":[{"embeddable":true,"href":"https:\/\/nyt.hu\/en\/wp-json\/wp\/v2\/media\/2101"}],"wp:attachment":[{"href":"https:\/\/nyt.hu\/en\/wp-json\/wp\/v2\/media?parent=25"}],"curies":[{"name":"wp","href":"https:\/\/api.w.org\/{rel}","templated":true}]}}