{"id":23,"date":"2025-07-15T11:56:58","date_gmt":"2025-07-15T09:56:58","guid":{"rendered":"https:\/\/nyt.hu\/?page_id=23"},"modified":"2025-10-03T14:31:25","modified_gmt":"2025-10-03T12:31:25","slug":"rolunk","status":"publish","type":"page","link":"https:\/\/nyt.hu\/en\/rolunk\/","title":{"rendered":"About Us"},"content":{"rendered":"<div data-elementor-type=\"wp-page\" data-elementor-id=\"23\" class=\"elementor elementor-23\" data-elementor-post-type=\"page\">\n\t\t\t\t<div class=\"elementor-element elementor-element-23bdec9 e-con-full e-flex e-con e-parent\" data-id=\"23bdec9\" data-element_type=\"container\" data-settings=\"{&quot;jet_parallax_layout_list&quot;:[]}\">\n\t\t<div class=\"elementor-element elementor-element-7eb5f67 hero-section e-flex e-con-boxed e-con e-child\" data-id=\"7eb5f67\" data-element_type=\"container\" data-settings=\"{&quot;background_background&quot;:&quot;classic&quot;,&quot;jet_parallax_layout_list&quot;:[]}\">\n\t\t\t\t\t<div class=\"e-con-inner\">\n\t\t\t\t\t<\/div>\n\t\t\t\t<\/div>\n\t\t<div class=\"elementor-element elementor-element-c16a2f2 e-flex e-con-boxed e-con e-child\" data-id=\"c16a2f2\" data-element_type=\"container\" data-settings=\"{&quot;jet_parallax_layout_list&quot;:[]}\">\n\t\t\t\t\t<div class=\"e-con-inner\">\n\t\t\t\t<div class=\"elementor-element elementor-element-37dac38 elementor-widget elementor-widget-heading\" data-id=\"37dac38\" data-element_type=\"widget\" data-widget_type=\"heading.default\">\n\t\t\t\t\t<h2 class=\"elementor-heading-title elementor-size-default\">Nyomda-Technika Kft. is the leading technical and technological support provider for the printing, paper, and packaging industry<\/h2>\t\t\t\t<\/div>\n\t\t\t\t<div class=\"elementor-element elementor-element-c75c855 elementor-widget elementor-widget-spacer\" data-id=\"c75c855\" data-element_type=\"widget\" data-widget_type=\"spacer.default\">\n\t\t\t\t\t\t\t<div class=\"elementor-spacer\">\n\t\t\t<div class=\"elementor-spacer-inner\"><\/div>\n\t\t<\/div>\n\t\t\t\t\t\t<\/div>\n\t\t\t\t<div class=\"elementor-element elementor-element-5b61c65 elementor-widget elementor-widget-text-editor\" data-id=\"5b61c65\" data-element_type=\"widget\" data-widget_type=\"text-editor.default\">\n\t\t\t\t\t\t\t\t\t<p class=\"translation-block\"><strong>A reliable partner for a predictable future<\/strong> \u2013 this is not just a slogan for us, but a guiding principle in our daily operations. <strong>Nyomda-Technika Kft.<\/strong> has been supporting the technological backbone of Hungary\u2019s printing and paper industry for 35 years. Our story began in 1991 in Debrecen, where professional dedication and engineering precision gave birth to a company that now operates from Gy\u0151r, <strong>offering comprehensive, customized technical solutions nationwide.<\/strong><\/p>\t\t\t\t\t\t\t\t<\/div>\n\t\t\t\t<div class=\"elementor-element elementor-element-ff2dd95 elementor-widget elementor-widget-spacer\" data-id=\"ff2dd95\" data-element_type=\"widget\" data-widget_type=\"spacer.default\">\n\t\t\t\t\t\t\t<div class=\"elementor-spacer\">\n\t\t\t<div class=\"elementor-spacer-inner\"><\/div>\n\t\t<\/div>\n\t\t\t\t\t\t<\/div>\n\t\t\t\t<div class=\"elementor-element elementor-element-1e5187e elementor-widget elementor-widget-text-editor\" data-id=\"1e5187e\" data-element_type=\"widget\" data-widget_type=\"text-editor.default\">\n\t\t\t\t\t\t\t\t\t<p><strong>Our mission is to raise the level of maintenance activities in Hungary and significantly boost the efficiency of our partners through professional printing industry support.<\/strong> We believe that technological support is not only about machines, but also about people, processes, and continuous shared development.\nAll our services are designed to make our clients\u2019 operations more predictable, more effective, and more sustainable.<\/p>\t\t\t\t\t\t\t\t<\/div>\n\t\t\t\t<div class=\"elementor-element elementor-element-2f9d649 elementor-widget elementor-widget-spacer\" data-id=\"2f9d649\" data-element_type=\"widget\" data-widget_type=\"spacer.default\">\n\t\t\t\t\t\t\t<div class=\"elementor-spacer\">\n\t\t\t<div class=\"elementor-spacer-inner\"><\/div>\n\t\t<\/div>\n\t\t\t\t\t\t<\/div>\n\t\t\t\t<div class=\"elementor-element elementor-element-eccf816 elementor-widget elementor-widget-text-editor\" data-id=\"eccf816\" data-element_type=\"widget\" data-widget_type=\"text-editor.default\">\n\t\t\t\t\t\t\t\t\t<p class=\"translation-block\">Behind <strong>Nyomda-Technika Kft.<\/strong> stands a <strong>dedicated team of experts who understand not only technology, but also the dynamics of human relationships.<\/strong> Dr. habil. Csaba Horv\u00e1th \u2013 our founder, Szabolcs Horv\u00e1th \u2013 Chief Executive Officer (CEO), Ren\u00e1ta Szegi \u2013 Chief Business Officer (CBO), and Gy\u00f6rgy Bombicz \u2013 Chief Operation Officer (COO) bring decades of leadership experience and actively contribute to both national and international professional communities. <strong>For them, partnership means shared thinking, mutual trust, and long-term development.<\/strong><\/p>\t\t\t\t\t\t\t\t<\/div>\n\t\t\t\t<div class=\"elementor-element elementor-element-87c8a55 elementor-widget elementor-widget-spacer\" data-id=\"87c8a55\" data-element_type=\"widget\" data-widget_type=\"spacer.default\">\n\t\t\t\t\t\t\t<div class=\"elementor-spacer\">\n\t\t\t<div class=\"elementor-spacer-inner\"><\/div>\n\t\t<\/div>\n\t\t\t\t\t\t<\/div>\n\t\t\t\t<div class=\"elementor-element elementor-element-07c24f0 elementor-widget elementor-widget-text-editor\" data-id=\"07c24f0\" data-element_type=\"widget\" data-widget_type=\"text-editor.default\">\n\t\t\t\t\t\t\t\t\t<p class=\"translation-block\"><strong>Our vision is ambitious yet realistic: alongside dynamic growth, we remain committed to the professional quality and human-centered approach that have always set us apart.<\/strong> Through the development of new business units, strengthening our organization, and continuous innovation, we strive to make <strong>Nyomda-Technika Kft. the number one technological partner for the printing industry in Hungary.<\/strong><\/p>\t\t\t\t\t\t\t\t<\/div>\n\t\t\t\t\t<\/div>\n\t\t\t\t<\/div>\n\t\t\t\t<\/div>\n\t\t\t\t<\/div>","protected":false},"excerpt":{"rendered":"<p>Nyomda-Technika Kft. az els\u0151 sz\u00e1m\u00fa m\u0171szaki \u00e9s technol\u00f3giai t\u00e1mogat\u00f3 a nyomda-, pap\u00edr- \u00e9s csomagol\u00f3iparban Megb\u00edzhat\u00f3 partner a kisz\u00e1m\u00edthat\u00f3 j\u00f6v\u0151\u00e9rt\u00a0\u2013 ez nem csup\u00e1n egy jelmondat sz\u00e1munkra, hanem a mindennapi m\u0171k\u00f6d\u00e9s\u00fcnk alapelve. A Nyomda-Technika Kft. harminc\u00f6t \u00e9ve van jelen a hazai nyomda- \u00e9s pap\u00edripar technol\u00f3giai h\u00e1tter\u00e9nek biztos\u00edt\u00e1s\u00e1ban. T\u00f6rt\u00e9net\u00fcnk 1991-ben indult Debrecenben, ahol a szakmai elhivatotts\u00e1g \u00e9s a [&hellip;]<\/p>","protected":false},"author":1,"featured_media":987,"parent":0,"menu_order":0,"comment_status":"closed","ping_status":"closed","template":"","meta":{"footnotes":""},"class_list":["post-23","page","type-page","status-publish","has-post-thumbnail","hentry"],"_links":{"self":[{"href":"https:\/\/nyt.hu\/en\/wp-json\/wp\/v2\/pages\/23","targetHints":{"allow":["GET"]}}],"collection":[{"href":"https:\/\/nyt.hu\/en\/wp-json\/wp\/v2\/pages"}],"about":[{"href":"https:\/\/nyt.hu\/en\/wp-json\/wp\/v2\/types\/page"}],"author":[{"embeddable":true,"href":"https:\/\/nyt.hu\/en\/wp-json\/wp\/v2\/users\/1"}],"replies":[{"embeddable":true,"href":"https:\/\/nyt.hu\/en\/wp-json\/wp\/v2\/comments?post=23"}],"version-history":[{"count":133,"href":"https:\/\/nyt.hu\/en\/wp-json\/wp\/v2\/pages\/23\/revisions"}],"predecessor-version":[{"id":3045,"href":"https:\/\/nyt.hu\/en\/wp-json\/wp\/v2\/pages\/23\/revisions\/3045"}],"wp:featuredmedia":[{"embeddable":true,"href":"https:\/\/nyt.hu\/en\/wp-json\/wp\/v2\/media\/987"}],"wp:attachment":[{"href":"https:\/\/nyt.hu\/en\/wp-json\/wp\/v2\/media?parent=23"}],"curies":[{"name":"wp","href":"https:\/\/api.w.org\/{rel}","templated":true}]}}