{"id":25,"date":"2025-07-15T11:57:06","date_gmt":"2025-07-15T09:57:06","guid":{"rendered":"https:\/\/nyt.hu\/?page_id=25"},"modified":"2025-09-13T12:16:08","modified_gmt":"2025-09-13T10:16:08","slug":"csapatunk","status":"publish","type":"page","link":"https:\/\/nyt.hu\/de\/csapatunk\/","title":{"rendered":"Unser Team"},"content":{"rendered":"<div data-elementor-type=\"wp-page\" data-elementor-id=\"25\" class=\"elementor elementor-25\" data-elementor-post-type=\"page\">\n\t\t\t\t<div class=\"elementor-element elementor-element-711eab2 e-con-full e-flex e-con e-parent\" data-id=\"711eab2\" data-element_type=\"container\" data-settings=\"{&quot;jet_parallax_layout_list&quot;:[]}\">\n\t\t<div class=\"elementor-element elementor-element-7569b97 hero-section e-flex e-con-boxed e-con e-child\" data-id=\"7569b97\" data-element_type=\"container\" data-settings=\"{&quot;background_background&quot;:&quot;classic&quot;,&quot;jet_parallax_layout_list&quot;:[]}\">\n\t\t\t\t\t<div class=\"e-con-inner\">\n\t\t\t\t\t<\/div>\n\t\t\t\t<\/div>\n\t\t<div class=\"elementor-element elementor-element-a541ea4 e-flex e-con-boxed e-con e-child\" data-id=\"a541ea4\" data-element_type=\"container\" data-settings=\"{&quot;jet_parallax_layout_list&quot;:[]}\">\n\t\t\t\t\t<div class=\"e-con-inner\">\n\t\t\t\t<div class=\"elementor-element elementor-element-7ddc926 elementor-widget elementor-widget-heading\" data-id=\"7ddc926\" data-element_type=\"widget\" data-widget_type=\"heading.default\">\n\t\t\t\t\t<h2 class=\"elementor-heading-title elementor-size-default\">Die Nyomda Technika Kft. bietet seit 35 Jahren technische und ingenieurtechnische Dienstleistungen an und bildet das technologische Fundament der modernen Druck , Papier , Verpackungs  und weiterer industrieller Produktionsbereiche.<\/h2>\t\t\t\t<\/div>\n\t\t\t\t\t<\/div>\n\t\t\t\t<\/div>\n\t\t<div class=\"elementor-element elementor-element-86a2f66 e-flex e-con-boxed e-con e-child\" data-id=\"86a2f66\" data-element_type=\"container\" data-settings=\"{&quot;jet_parallax_layout_list&quot;:[]}\">\n\t\t\t\t\t<div class=\"e-con-inner\">\n\t\t<div class=\"elementor-element elementor-element-bf5b661 e-con-full e-flex e-con e-child\" data-id=\"bf5b661\" data-element_type=\"container\" data-settings=\"{&quot;jet_parallax_layout_list&quot;:[]}\">\n\t\t<div class=\"elementor-element elementor-element-7304c47 e-con-full e-flex e-con e-child\" data-id=\"7304c47\" data-element_type=\"container\" data-settings=\"{&quot;jet_parallax_layout_list&quot;:[]}\">\n\t\t\t\t<div class=\"elementor-element elementor-element-d632d90 elementor-widget elementor-widget-image\" data-id=\"d632d90\" data-element_type=\"widget\" data-widget_type=\"image.default\">\n\t\t\t\t\t\t\t\t\t\t\t\t\t\t\t<img fetchpriority=\"high\" decoding=\"async\" width=\"300\" height=\"273\" src=\"https:\/\/nyt.hu\/wp-content\/uploads\/2025\/07\/NYT_ikonok_kereskedelem-300x273.jpg\" class=\"attachment-medium size-medium wp-image-606\" alt=\"\" srcset=\"https:\/\/nyt.hu\/wp-content\/uploads\/2025\/07\/NYT_ikonok_kereskedelem-300x273.jpg 300w, https:\/\/nyt.hu\/wp-content\/uploads\/2025\/07\/NYT_ikonok_kereskedelem.jpg 557w\" sizes=\"(max-width: 300px) 100vw, 300px\" \/>\t\t\t\t\t\t\t\t\t\t\t\t\t\t\t<\/div>\n\t\t\t\t<div class=\"elementor-element elementor-element-73cb975 elementor-widget elementor-widget-heading\" data-id=\"73cb975\" data-element_type=\"widget\" data-widget_type=\"heading.default\">\n\t\t\t\t\t<p class=\"elementor-heading-title elementor-size-default\">Vertrieb und Handel<\/p>\t\t\t\t<\/div>\n\t\t\t\t<\/div>\n\t\t\t\t<div class=\"elementor-element elementor-element-5a358b7 elementor-widget elementor-widget-text-editor\" data-id=\"5a358b7\" data-element_type=\"widget\" data-widget_type=\"text-editor.default\">\n\t\t\t\t\t\t\t\t\t<p class=\"translation-block\"><strong>Unser Team<\/strong> \u00fcbernimmt nicht nur den Vertrieb unserer eigenen Dienstleistungen, sondern vertritt in Ungarn auch mehrere weltweit anerkannte Hersteller \u2013 zus\u00e4tzlich zu unseren selbst entwickelten, gefertigten und installierten Anlagen. So k\u00f6nnen wir unseren Partnern ganzheitliche, bedarfsgerechte L\u00f6sungen anbieten.<\/p>\t\t\t\t\t\t\t\t<\/div>\n\t\t\t\t<\/div>\n\t\t<div class=\"elementor-element elementor-element-86834f0 e-con-full e-flex e-con e-child\" data-id=\"86834f0\" data-element_type=\"container\" data-settings=\"{&quot;jet_parallax_layout_list&quot;:[]}\">\n\t\t<div class=\"elementor-element elementor-element-0f72892 e-con-full e-flex e-con e-child\" data-id=\"0f72892\" data-element_type=\"container\" data-settings=\"{&quot;jet_parallax_layout_list&quot;:[]}\">\n\t\t\t\t<div class=\"elementor-element elementor-element-8692ec1 elementor-widget elementor-widget-image\" data-id=\"8692ec1\" data-element_type=\"widget\" data-widget_type=\"image.default\">\n\t\t\t\t\t\t\t\t\t\t\t\t\t\t\t<img decoding=\"async\" width=\"300\" height=\"269\" src=\"https:\/\/nyt.hu\/wp-content\/uploads\/2025\/08\/NYT_ikonok_premium_karbantartas-300x269.jpg\" class=\"attachment-medium size-medium wp-image-847\" alt=\"\" srcset=\"https:\/\/nyt.hu\/wp-content\/uploads\/2025\/08\/NYT_ikonok_premium_karbantartas-300x269.jpg 300w, https:\/\/nyt.hu\/wp-content\/uploads\/2025\/08\/NYT_ikonok_premium_karbantartas.jpg 546w\" sizes=\"(max-width: 300px) 100vw, 300px\" \/>\t\t\t\t\t\t\t\t\t\t\t\t\t\t\t<\/div>\n\t\t\t\t<div class=\"elementor-element elementor-element-4ed4b18 elementor-widget elementor-widget-heading\" data-id=\"4ed4b18\" data-element_type=\"widget\" data-widget_type=\"heading.default\">\n\t\t\t\t\t<p class=\"elementor-heading-title elementor-size-default\">Erfahrene Experten und Techniker<\/p>\t\t\t\t<\/div>\n\t\t\t\t<\/div>\n\t\t\t\t<div class=\"elementor-element elementor-element-b621ff5 elementor-widget elementor-widget-text-editor\" data-id=\"b621ff5\" data-element_type=\"widget\" data-widget_type=\"text-editor.default\">\n\t\t\t\t\t\t\t\t\t<p class=\"translation-block\"><strong>Unsere Techniker<\/strong> sind elektrotechnische und mechanische Fachkr\u00e4fte, die Installationen, Reinigungen, Wartungen und Reparaturen durchf\u00fchren, um den zuverl\u00e4ssigen Betrieb der Anlagen unserer Partner zu gew\u00e4hrleisten. Unsere erfahrenen <strong>technischen Projektleiter<\/strong> f\u00fchren Implementierungen durch, l\u00f6sen komplexe Aufgaben und unterst\u00fctzen unsere Techniker als Mentoren. Gemeinsam sorgen sie daf\u00fcr, dass jedes Projekt effizient umgesetzt wird und langfristig stabil funktioniert.<\/p>\t\t\t\t\t\t\t\t<\/div>\n\t\t\t\t<\/div>\n\t\t<div class=\"elementor-element elementor-element-5dc3abb e-con-full e-flex e-con e-child\" data-id=\"5dc3abb\" data-element_type=\"container\" data-settings=\"{&quot;jet_parallax_layout_list&quot;:[]}\">\n\t\t<div class=\"elementor-element elementor-element-e295493 e-con-full e-flex e-con e-child\" data-id=\"e295493\" data-element_type=\"container\" data-settings=\"{&quot;jet_parallax_layout_list&quot;:[]}\">\n\t\t\t\t<div class=\"elementor-element elementor-element-2b7df32 elementor-widget elementor-widget-image\" data-id=\"2b7df32\" data-element_type=\"widget\" data-widget_type=\"image.default\">\n\t\t\t\t\t\t\t\t\t\t\t\t\t\t\t<img decoding=\"async\" width=\"300\" height=\"300\" src=\"https:\/\/nyt.hu\/wp-content\/uploads\/2025\/08\/Kep2-300x300.png\" class=\"attachment-medium size-medium wp-image-717\" alt=\"\" srcset=\"https:\/\/nyt.hu\/wp-content\/uploads\/2025\/08\/Kep2-300x300.png 300w, https:\/\/nyt.hu\/wp-content\/uploads\/2025\/08\/Kep2-150x150.png 150w, https:\/\/nyt.hu\/wp-content\/uploads\/2025\/08\/Kep2.png 462w\" sizes=\"(max-width: 300px) 100vw, 300px\" \/>\t\t\t\t\t\t\t\t\t\t\t\t\t\t\t<\/div>\n\t\t\t\t<div class=\"elementor-element elementor-element-79a19b6 elementor-widget elementor-widget-heading\" data-id=\"79a19b6\" data-element_type=\"widget\" data-widget_type=\"heading.default\">\n\t\t\t\t\t<p class=\"elementor-heading-title elementor-size-default\">Horv\u00e1th Szabolcs<\/p>\t\t\t\t<\/div>\n\t\t\t\t<div class=\"elementor-element elementor-element-b38e37c elementor-widget elementor-widget-heading\" data-id=\"b38e37c\" data-element_type=\"widget\" data-widget_type=\"heading.default\">\n\t\t\t\t\t<p class=\"elementor-heading-title elementor-size-default\"><b>Gesch\u00e4ftsf\u00fchrer<br><\/b>\u00dcgyvezet\u0151 igazgat\u00f3<\/p>\t\t\t\t<\/div>\n\t\t\t\t<\/div>\n\t\t\t\t<div class=\"elementor-element elementor-element-e1725a5 elementor-widget elementor-widget-text-editor\" data-id=\"e1725a5\" data-element_type=\"widget\" data-widget_type=\"text-editor.default\">\n\t\t\t\t\t\t\t\t\t<p>Ich habe im Laufe meiner beruflichen Laufbahn F\u00fchrungserfahrung in mehreren Bereichen der Druck  und Verpackungsindustrie gesammelt \u2013 darunter Produktion, Instandhaltung, Investitionen, Organisationsentwicklung und Prozessverbesserung. Ich arbeitete als interner Berater f\u00fcr LEAN  und TPM Einf\u00fchrungen in multinationalen Unternehmen. Ich bin Gr\u00fcndungsmitglied des ungarischen Industrie Instandhaltungsverbandes sowie Mitglied des European Asset Management Committee (EAMC) innerhalb der European Federation of National Maintenance Societies (EFNMS).<\/p>\t\t\t\t\t\t\t\t<\/div>\n\t\t\t\t<\/div>\n\t\t<div class=\"elementor-element elementor-element-079cedd e-con-full e-flex e-con e-child\" data-id=\"079cedd\" data-element_type=\"container\" data-settings=\"{&quot;jet_parallax_layout_list&quot;:[]}\">\n\t\t<div class=\"elementor-element elementor-element-c848fde e-con-full e-flex e-con e-child\" data-id=\"c848fde\" data-element_type=\"container\" data-settings=\"{&quot;jet_parallax_layout_list&quot;:[]}\">\n\t\t\t\t<div class=\"elementor-element elementor-element-ea3cb84 elementor-widget elementor-widget-image\" data-id=\"ea3cb84\" data-element_type=\"widget\" data-widget_type=\"image.default\">\n\t\t\t\t\t\t\t\t\t\t\t\t\t\t\t<img loading=\"lazy\" decoding=\"async\" width=\"300\" height=\"300\" src=\"https:\/\/nyt.hu\/wp-content\/uploads\/2025\/08\/Kep3-300x300.png\" class=\"attachment-medium size-medium wp-image-716\" alt=\"\" srcset=\"https:\/\/nyt.hu\/wp-content\/uploads\/2025\/08\/Kep3-300x300.png 300w, https:\/\/nyt.hu\/wp-content\/uploads\/2025\/08\/Kep3-150x150.png 150w, https:\/\/nyt.hu\/wp-content\/uploads\/2025\/08\/Kep3.png 462w\" sizes=\"(max-width: 300px) 100vw, 300px\" \/>\t\t\t\t\t\t\t\t\t\t\t\t\t\t\t<\/div>\n\t\t\t\t<div class=\"elementor-element elementor-element-1b7cd87 elementor-widget elementor-widget-heading\" data-id=\"1b7cd87\" data-element_type=\"widget\" data-widget_type=\"heading.default\">\n\t\t\t\t\t<p class=\"elementor-heading-title elementor-size-default\">Szegi Ren\u00e1ta<\/p>\t\t\t\t<\/div>\n\t\t\t\t<div class=\"elementor-element elementor-element-6549272 elementor-widget elementor-widget-heading\" data-id=\"6549272\" data-element_type=\"widget\" data-widget_type=\"heading.default\">\n\t\t\t\t\t<p class=\"elementor-heading-title elementor-size-default\"><b>Gesch\u00e4ftsf\u00fchrerin f\u00fcr Business Development<br><\/b>\u00dczleti igazgat\u00f3<\/p>\t\t\t\t<\/div>\n\t\t\t\t<\/div>\n\t\t\t\t<div class=\"elementor-element elementor-element-a08381b elementor-widget elementor-widget-text-editor\" data-id=\"a08381b\" data-element_type=\"widget\" data-widget_type=\"text-editor.default\">\n\t\t\t\t\t\t\t\t\t<p class=\"translation-block\">Ich verf\u00fcge \u00fcber 21 Jahre Erfahrung in der Druck  und Verpackungsindustrie und habe F\u00fchrungsverantwortung in mehreren organisatorischen Bereichen getragen:\nNPI (Produktionsvorbereitung), Produktion, Produktionsplanung und Supply Chain Management. In all meinen Effizienzsteigerungsprojekten standen f\u00fcr mich stets die Menschen im Mittelpunkt, denn durch ihre Einbindung und gemeinsame Teamarbeit kann jedes Unternehmen wesentlich erfolgreicher werden.<\/p>\t\t\t\t\t\t\t\t<\/div>\n\t\t\t\t<\/div>\n\t\t<div class=\"elementor-element elementor-element-2234cab e-con-full e-flex e-con e-child\" data-id=\"2234cab\" data-element_type=\"container\" data-settings=\"{&quot;jet_parallax_layout_list&quot;:[]}\">\n\t\t<div class=\"elementor-element elementor-element-28d46ba e-con-full e-flex e-con e-child\" data-id=\"28d46ba\" data-element_type=\"container\" data-settings=\"{&quot;jet_parallax_layout_list&quot;:[]}\">\n\t\t\t\t<div class=\"elementor-element elementor-element-666f18d elementor-widget elementor-widget-image\" data-id=\"666f18d\" data-element_type=\"widget\" data-widget_type=\"image.default\">\n\t\t\t\t\t\t\t\t\t\t\t\t\t\t\t<img loading=\"lazy\" decoding=\"async\" width=\"300\" height=\"300\" src=\"https:\/\/nyt.hu\/wp-content\/uploads\/2025\/08\/Kep4-300x300.png\" class=\"attachment-medium size-medium wp-image-718\" alt=\"\" srcset=\"https:\/\/nyt.hu\/wp-content\/uploads\/2025\/08\/Kep4-300x300.png 300w, https:\/\/nyt.hu\/wp-content\/uploads\/2025\/08\/Kep4-150x150.png 150w, https:\/\/nyt.hu\/wp-content\/uploads\/2025\/08\/Kep4.png 462w\" sizes=\"(max-width: 300px) 100vw, 300px\" \/>\t\t\t\t\t\t\t\t\t\t\t\t\t\t\t<\/div>\n\t\t\t\t<div class=\"elementor-element elementor-element-87a3459 elementor-widget elementor-widget-heading\" data-id=\"87a3459\" data-element_type=\"widget\" data-widget_type=\"heading.default\">\n\t\t\t\t\t<p class=\"elementor-heading-title elementor-size-default\">Bombicz Gy\u00f6rgy<\/p>\t\t\t\t<\/div>\n\t\t\t\t<div class=\"elementor-element elementor-element-6c400b1 elementor-widget elementor-widget-heading\" data-id=\"6c400b1\" data-element_type=\"widget\" data-widget_type=\"heading.default\">\n\t\t\t\t\t<p class=\"elementor-heading-title elementor-size-default\"><b>Operativer Gesch\u00e4ftsf\u00fchrer<br><\/b>Operat\u00edv igazgat\u00f3<\/p>\t\t\t\t<\/div>\n\t\t\t\t<\/div>\n\t\t\t\t<div class=\"elementor-element elementor-element-05dad5d elementor-widget elementor-widget-text-editor\" data-id=\"05dad5d\" data-element_type=\"widget\" data-widget_type=\"text-editor.default\">\n\t\t\t\t\t\t\t\t\t<p>Seit 1994 arbeite ich als Offset-Drucker, und seit 2001 verf\u00fcge ich \u00fcber einen Abschluss als Druckingenieur und bin im Bereich des Bogenoffsetdrucks t\u00e4tig. Ich verf\u00fcge \u00fcber nahezu 20 Jahre Erfahrung in der Erhaltung und Weiterentwicklung des betriebs- und funktionssicheren Zustands gro\u00dfformatiger KBA-Druckmaschinen, in der Erstellung von Wartungspl\u00e4nen sowie im Aufbau einer risikobasierten Ersatzteillagerung. Ich besch\u00e4ftige mich mit der Einf\u00fchrung von Messtechnik (xrite exact, ColorCert, IC Plate), Kalibrierungen, der Erstellung individueller digitaler Farbreferenzen zur Unterst\u00fctzung des Druckprozesses, der Kalibrierung der CTP-Plattenherstellung, der Einf\u00fchrung spezieller Druckverfahren (z.\u202fB. Effektlackierung, Druck mit Deckwei\u00dfgrundierung), mit Effizienzsteigerung sowie der Schulung von Druckern.<\/p>\t\t\t\t\t\t\t\t<\/div>\n\t\t\t\t<\/div>\n\t\t<div class=\"elementor-element elementor-element-65de828 e-con-full e-flex e-con e-child\" data-id=\"65de828\" data-element_type=\"container\" data-settings=\"{&quot;jet_parallax_layout_list&quot;:[]}\">\n\t\t<div class=\"elementor-element elementor-element-415c98d e-con-full e-flex e-con e-child\" data-id=\"415c98d\" data-element_type=\"container\" data-settings=\"{&quot;jet_parallax_layout_list&quot;:[]}\">\n\t\t\t\t<div class=\"elementor-element elementor-element-fb50b7b elementor-widget elementor-widget-image\" data-id=\"fb50b7b\" data-element_type=\"widget\" data-widget_type=\"image.default\">\n\t\t\t\t\t\t\t\t\t\t\t\t\t\t\t<img loading=\"lazy\" decoding=\"async\" width=\"300\" height=\"300\" src=\"https:\/\/nyt.hu\/wp-content\/uploads\/2025\/08\/Kep1-300x300.png\" class=\"attachment-medium size-medium wp-image-715\" alt=\"\" srcset=\"https:\/\/nyt.hu\/wp-content\/uploads\/2025\/08\/Kep1-300x300.png 300w, https:\/\/nyt.hu\/wp-content\/uploads\/2025\/08\/Kep1-150x150.png 150w, https:\/\/nyt.hu\/wp-content\/uploads\/2025\/08\/Kep1.png 462w\" sizes=\"(max-width: 300px) 100vw, 300px\" \/>\t\t\t\t\t\t\t\t\t\t\t\t\t\t\t<\/div>\n\t\t\t\t<div class=\"elementor-element elementor-element-f2d1129 elementor-widget elementor-widget-heading\" data-id=\"f2d1129\" data-element_type=\"widget\" data-widget_type=\"heading.default\">\n\t\t\t\t\t<p class=\"elementor-heading-title elementor-size-default\">Dr. Habil Horv\u00e1th Csaba<\/p>\t\t\t\t<\/div>\n\t\t\t\t<div class=\"elementor-element elementor-element-385f686 elementor-widget elementor-widget-heading\" data-id=\"385f686\" data-element_type=\"widget\" data-widget_type=\"heading.default\">\n\t\t\t\t\t<p class=\"elementor-heading-title elementor-size-default\"><b>Gr\u00fcnder<\/b><br>Alap\u00edt\u00f3<\/p>\t\t\t\t<\/div>\n\t\t\t\t<\/div>\n\t\t\t\t<div class=\"elementor-element elementor-element-4ea1750 elementor-widget elementor-widget-text-editor\" data-id=\"4ea1750\" data-element_type=\"widget\" data-widget_type=\"text-editor.default\">\n\t\t\t\t\t\t\t\t\t<p>Ich bin Ingenieur, Hochschuldozent und Forscher, spezialisiert auf grafische Kommunikation und Management. Ich verf\u00fcge \u00fcber jahrzehntelange Erfahrung in der Leichtindustrie  und Medientechnologie Ausbildung sowie in der Druckindustrie Forschung. Als ehrenamtlicher Universit\u00e4tsdozent an der Rejt\u0151 S\u00e1ndor Fakult\u00e4t f\u00fcr Leichtindustrie  und Umwelttechnik der \u00d3buda Universit\u00e4t nehme ich aktiv an der Fachgemeinschaft teil, an nationalen und internationalen Konferenzen und Forschungsprojekten. Meine Mission ist es, die Entwicklung der Druckindustrie zu f\u00f6rdern \u2013 durch die Verbindung wissenschaftlicher Ergebnisse mit industrieller Praxis und mit besonderem Fokus auf Bildung, Innovation und Effizienzsteigerung.<\/p>\t\t\t\t\t\t\t\t<\/div>\n\t\t\t\t<\/div>\n\t\t\t\t\t<\/div>\n\t\t\t\t<\/div>\n\t\t\t\t<\/div>\n\t\t\t\t<\/div>","protected":false},"excerpt":{"rendered":"<p>A Nyomda-Technika Kft. harminc\u00f6t \u00e9ve k\u00edn\u00e1l olyan m\u0171szaki \u00e9s m\u00e9rn\u00f6ki jelleg\u0171 szolg\u00e1ltat\u00f3 tev\u00e9kenys\u00e9geket, melyek a mai korszer\u0171 nyomda-, pap\u00edr-, csomagol\u00f3- \u00e9s m\u00e1s ipari termel\u00e9s m\u0171szaki, technol\u00f3giai h\u00e1tter\u00e9t biztos\u00edtj\u00e1k. \u00c9rt\u00e9kes\u00edt\u00e9s \u00e9s kereskedelem Csapatunk a szolg\u00e1ltat\u00e1saink \u00e9rt\u00e9kes\u00edt\u00e9se mellett a saj\u00e1t fejleszt\u00e9s\u0171, gy\u00e1rt\u00e1s\u00fa \u00e9s \u00e1ltalunk telep\u00edtett berendez\u00e9seken t\u00fal t\u00f6bb vil\u00e1gszinten elismert gy\u00e1rt\u00f3 hazai k\u00e9pviselet\u00e9t is ell\u00e1tja. \u00cdgy Partnereink [&hellip;]<\/p>","protected":false},"author":1,"featured_media":2101,"parent":0,"menu_order":0,"comment_status":"closed","ping_status":"closed","template":"","meta":{"footnotes":""},"class_list":["post-25","page","type-page","status-publish","has-post-thumbnail","hentry"],"_links":{"self":[{"href":"https:\/\/nyt.hu\/de\/wp-json\/wp\/v2\/pages\/25","targetHints":{"allow":["GET"]}}],"collection":[{"href":"https:\/\/nyt.hu\/de\/wp-json\/wp\/v2\/pages"}],"about":[{"href":"https:\/\/nyt.hu\/de\/wp-json\/wp\/v2\/types\/page"}],"author":[{"embeddable":true,"href":"https:\/\/nyt.hu\/de\/wp-json\/wp\/v2\/users\/1"}],"replies":[{"embeddable":true,"href":"https:\/\/nyt.hu\/de\/wp-json\/wp\/v2\/comments?post=25"}],"version-history":[{"count":116,"href":"https:\/\/nyt.hu\/de\/wp-json\/wp\/v2\/pages\/25\/revisions"}],"predecessor-version":[{"id":2540,"href":"https:\/\/nyt.hu\/de\/wp-json\/wp\/v2\/pages\/25\/revisions\/2540"}],"wp:featuredmedia":[{"embeddable":true,"href":"https:\/\/nyt.hu\/de\/wp-json\/wp\/v2\/media\/2101"}],"wp:attachment":[{"href":"https:\/\/nyt.hu\/de\/wp-json\/wp\/v2\/media?parent=25"}],"curies":[{"name":"wp","href":"https:\/\/api.w.org\/{rel}","templated":true}]}}