{"id":23,"date":"2025-07-15T11:56:58","date_gmt":"2025-07-15T09:56:58","guid":{"rendered":"https:\/\/nyt.hu\/?page_id=23"},"modified":"2025-10-03T14:31:25","modified_gmt":"2025-10-03T12:31:25","slug":"rolunk","status":"publish","type":"page","link":"https:\/\/nyt.hu\/de\/rolunk\/","title":{"rendered":"\u00dcber uns"},"content":{"rendered":"<div data-elementor-type=\"wp-page\" data-elementor-id=\"23\" class=\"elementor elementor-23\" data-elementor-post-type=\"page\">\n\t\t\t\t<div class=\"elementor-element elementor-element-23bdec9 e-con-full e-flex e-con e-parent\" data-id=\"23bdec9\" data-element_type=\"container\" data-settings=\"{&quot;jet_parallax_layout_list&quot;:[]}\">\n\t\t<div class=\"elementor-element elementor-element-7eb5f67 hero-section e-flex e-con-boxed e-con e-child\" data-id=\"7eb5f67\" data-element_type=\"container\" data-settings=\"{&quot;background_background&quot;:&quot;classic&quot;,&quot;jet_parallax_layout_list&quot;:[]}\">\n\t\t\t\t\t<div class=\"e-con-inner\">\n\t\t\t\t\t<\/div>\n\t\t\t\t<\/div>\n\t\t<div class=\"elementor-element elementor-element-c16a2f2 e-flex e-con-boxed e-con e-child\" data-id=\"c16a2f2\" data-element_type=\"container\" data-settings=\"{&quot;jet_parallax_layout_list&quot;:[]}\">\n\t\t\t\t\t<div class=\"e-con-inner\">\n\t\t\t\t<div class=\"elementor-element elementor-element-37dac38 elementor-widget elementor-widget-heading\" data-id=\"37dac38\" data-element_type=\"widget\" data-widget_type=\"heading.default\">\n\t\t\t\t\t<h2 class=\"elementor-heading-title elementor-size-default\">Nyomda Technika Kft. ist der f\u00fchrende technische und technologische Servicepartner f\u00fcr die Druck , Papier  und Verpackungsindustrie<\/h2>\t\t\t\t<\/div>\n\t\t\t\t<div class=\"elementor-element elementor-element-c75c855 elementor-widget elementor-widget-spacer\" data-id=\"c75c855\" data-element_type=\"widget\" data-widget_type=\"spacer.default\">\n\t\t\t\t\t\t\t<div class=\"elementor-spacer\">\n\t\t\t<div class=\"elementor-spacer-inner\"><\/div>\n\t\t<\/div>\n\t\t\t\t\t\t<\/div>\n\t\t\t\t<div class=\"elementor-element elementor-element-5b61c65 elementor-widget elementor-widget-text-editor\" data-id=\"5b61c65\" data-element_type=\"widget\" data-widget_type=\"text-editor.default\">\n\t\t\t\t\t\t\t\t\t<p class=\"translation-block\"><strong>Ein zuverl\u00e4ssiger Partner f\u00fcr eine planbare Zukunft<\/strong> \u2013 das ist f\u00fcr uns nicht nur ein Leitspruch, sondern das Grundprinzip unseres t\u00e4glichen Handelns. Die <strong>Nyomda-Technika Kft.<\/strong> ist seit f\u00fcnfunddrei\u00dfig Jahren ein fester Bestandteil der technologischen Unterst\u00fctzung der ungarischen Druck- und Papierindustrie. Unsere Geschichte begann 1991 in Debrecen, wo die Verbindung aus beruflicher Hingabe und ingenieurtechnischer Pr\u00e4zision zur Gr\u00fcndung jenes Unternehmens f\u00fchrte, das heute in Gy\u0151r <strong>t\u00e4tig ist und landesweit umfassende, ma\u00dfgeschneiderte technische L\u00f6sungen anbietet.<\/strong><\/p>\t\t\t\t\t\t\t\t<\/div>\n\t\t\t\t<div class=\"elementor-element elementor-element-ff2dd95 elementor-widget elementor-widget-spacer\" data-id=\"ff2dd95\" data-element_type=\"widget\" data-widget_type=\"spacer.default\">\n\t\t\t\t\t\t\t<div class=\"elementor-spacer\">\n\t\t\t<div class=\"elementor-spacer-inner\"><\/div>\n\t\t<\/div>\n\t\t\t\t\t\t<\/div>\n\t\t\t\t<div class=\"elementor-element elementor-element-1e5187e elementor-widget elementor-widget-text-editor\" data-id=\"1e5187e\" data-element_type=\"widget\" data-widget_type=\"text-editor.default\">\n\t\t\t\t\t\t\t\t\t<p><strong>Unsere Mission ist es, das Niveau der Instandhaltungsaktivit\u00e4ten in Ungarn anzuheben und die Effizienz unserer Partner durch professionelle Unterst\u00fctzung im Druckereiwesen ma\u00dfgeblich zu steigern.<\/strong> Wir sind \u00fcberzeugt, dass technologische Unterst\u00fctzung nicht nur aus Maschinen besteht, sondern auch aus Menschen, Prozessen sowie gemeinsamer und kontinuierlicher Weiterentwicklung. Unsere Dienstleistungen verfolgen s\u00e4mtlich das Ziel, den Betrieb unserer Kunden planbarer, erfolgreicher und nachhaltiger zu machen.<\/p>\t\t\t\t\t\t\t\t<\/div>\n\t\t\t\t<div class=\"elementor-element elementor-element-2f9d649 elementor-widget elementor-widget-spacer\" data-id=\"2f9d649\" data-element_type=\"widget\" data-widget_type=\"spacer.default\">\n\t\t\t\t\t\t\t<div class=\"elementor-spacer\">\n\t\t\t<div class=\"elementor-spacer-inner\"><\/div>\n\t\t<\/div>\n\t\t\t\t\t\t<\/div>\n\t\t\t\t<div class=\"elementor-element elementor-element-eccf816 elementor-widget elementor-widget-text-editor\" data-id=\"eccf816\" data-element_type=\"widget\" data-widget_type=\"text-editor.default\">\n\t\t\t\t\t\t\t\t\t<p class=\"translation-block\">Die <strong>Nyomda-Technika Kft.<\/strong> wird von einem <strong>engagierten Expertenteam getragen, das nicht nur die Technologie, sondern auch die Dynamik menschlicher Beziehungen versteht.<\/strong> Dr. habil. Csaba Horv\u00e1th \u2013 unser Gr\u00fcnder, Szabolcs Horv\u00e1th \u2013 Gesch\u00e4ftsf\u00fchrer (CEO), Ren\u00e1ta Szegi \u2013 Gesch\u00e4ftsf\u00fchrerin f\u00fcr Business Development (CBO) und Gy\u00f6rgy Bombicz \u2013 Operativer Gesch\u00e4ftsf\u00fchrer (COO) verf\u00fcgen \u00fcber mehrere Jahrzehnte F\u00fchrungserfahrung und nehmen aktiv an nationalen und internationalen Fachgemeinschaften teil. <strong>F\u00fcr sie bedeutet eine partnerschaftliche Zusammenarbeit gemeinsames Denken, Vertrauen und langfristige Weiterentwicklung.<\/strong><\/p>\t\t\t\t\t\t\t\t<\/div>\n\t\t\t\t<div class=\"elementor-element elementor-element-87c8a55 elementor-widget elementor-widget-spacer\" data-id=\"87c8a55\" data-element_type=\"widget\" data-widget_type=\"spacer.default\">\n\t\t\t\t\t\t\t<div class=\"elementor-spacer\">\n\t\t\t<div class=\"elementor-spacer-inner\"><\/div>\n\t\t<\/div>\n\t\t\t\t\t\t<\/div>\n\t\t\t\t<div class=\"elementor-element elementor-element-07c24f0 elementor-widget elementor-widget-text-editor\" data-id=\"07c24f0\" data-element_type=\"widget\" data-widget_type=\"text-editor.default\">\n\t\t\t\t\t\t\t\t\t<p class=\"translation-block\"><strong>Unsere Zukunftsvision ist ehrgeizig, aber realistisch: Neben unserem dynamischen Wachstum bewahren wir jene fachliche Qualit\u00e4t und menschenzentrierte Denkweise, die uns bisher ausgezeichnet hat.<\/strong> Durch die Entwicklung unserer neuen Gesch\u00e4ftsbereiche, die St\u00e4rkung unserer Organisation und kontinuierliche Innovation arbeiten wir daran, dass die <strong>Nyomda-Technika Kft. der f\u00fchrende technologische Partner der Druckindustrie in Ungarn wird.<\/strong><\/p>\t\t\t\t\t\t\t\t<\/div>\n\t\t\t\t\t<\/div>\n\t\t\t\t<\/div>\n\t\t\t\t<\/div>\n\t\t\t\t<\/div>","protected":false},"excerpt":{"rendered":"<p>Nyomda-Technika Kft. az els\u0151 sz\u00e1m\u00fa m\u0171szaki \u00e9s technol\u00f3giai t\u00e1mogat\u00f3 a nyomda-, pap\u00edr- \u00e9s csomagol\u00f3iparban Megb\u00edzhat\u00f3 partner a kisz\u00e1m\u00edthat\u00f3 j\u00f6v\u0151\u00e9rt\u00a0\u2013 ez nem csup\u00e1n egy jelmondat sz\u00e1munkra, hanem a mindennapi m\u0171k\u00f6d\u00e9s\u00fcnk alapelve. A Nyomda-Technika Kft. harminc\u00f6t \u00e9ve van jelen a hazai nyomda- \u00e9s pap\u00edripar technol\u00f3giai h\u00e1tter\u00e9nek biztos\u00edt\u00e1s\u00e1ban. T\u00f6rt\u00e9net\u00fcnk 1991-ben indult Debrecenben, ahol a szakmai elhivatotts\u00e1g \u00e9s a [&hellip;]<\/p>","protected":false},"author":1,"featured_media":987,"parent":0,"menu_order":0,"comment_status":"closed","ping_status":"closed","template":"","meta":{"footnotes":""},"class_list":["post-23","page","type-page","status-publish","has-post-thumbnail","hentry"],"_links":{"self":[{"href":"https:\/\/nyt.hu\/de\/wp-json\/wp\/v2\/pages\/23","targetHints":{"allow":["GET"]}}],"collection":[{"href":"https:\/\/nyt.hu\/de\/wp-json\/wp\/v2\/pages"}],"about":[{"href":"https:\/\/nyt.hu\/de\/wp-json\/wp\/v2\/types\/page"}],"author":[{"embeddable":true,"href":"https:\/\/nyt.hu\/de\/wp-json\/wp\/v2\/users\/1"}],"replies":[{"embeddable":true,"href":"https:\/\/nyt.hu\/de\/wp-json\/wp\/v2\/comments?post=23"}],"version-history":[{"count":133,"href":"https:\/\/nyt.hu\/de\/wp-json\/wp\/v2\/pages\/23\/revisions"}],"predecessor-version":[{"id":3045,"href":"https:\/\/nyt.hu\/de\/wp-json\/wp\/v2\/pages\/23\/revisions\/3045"}],"wp:featuredmedia":[{"embeddable":true,"href":"https:\/\/nyt.hu\/de\/wp-json\/wp\/v2\/media\/987"}],"wp:attachment":[{"href":"https:\/\/nyt.hu\/de\/wp-json\/wp\/v2\/media?parent=23"}],"curies":[{"name":"wp","href":"https:\/\/api.w.org\/{rel}","templated":true}]}}